{"id":265,"date":"2024-07-12T20:50:34","date_gmt":"2024-07-12T17:50:34","guid":{"rendered":"https:\/\/oksijenmedya.com.tr\/?page_id=265"},"modified":"2024-07-12T20:54:43","modified_gmt":"2024-07-12T17:54:43","slug":"kullanim-kosullari","status":"publish","type":"page","link":"https:\/\/oksijenmedya.com.tr\/index.php\/kullanim-kosullari\/","title":{"rendered":"Kullan\u0131m Ko\u015fullar\u0131"},"content":{"rendered":"\n<h2 class=\"wp-block-heading\">\u0130\u00e7erik Kullan\u0131m\u0131<\/h2>\n\n\n\n<p>Bu web sitesinde bulunan t\u00fcm i\u00e7erikler (metinler, g\u00f6rseller, videolar vb.) Oksijen Medya&#8217;ya aittir ve izin almadan kopyalanamaz veya ba\u015fka bir \u015fekilde kullan\u0131lamaz.<\/p>\n\n\n\n<h2 class=\"wp-block-heading\">Bilgi G\u00fcvenli\u011fi<\/h2>\n\n\n\n<p>Sitemizi kullan\u0131rken payla\u015ft\u0131\u011f\u0131n\u0131z ki\u015fisel bilgileriniz gizli tutulacak ve \u00fc\u00e7\u00fcnc\u00fc \u015fah\u0131slarla payla\u015f\u0131lmayacakt\u0131r. Gizlilik politikam\u0131z hakk\u0131nda daha fazla bilgi i\u00e7in <a href=\"https:\/\/oksijenmedya.com.tr\/index.php\/gizlilik-ilkesi\/\">Gizlilik Politikas\u0131<\/a> sayfam\u0131z\u0131 ziyaret edebilirsiniz.<\/p>\n\n\n\n<h2 class=\"wp-block-heading\">Kullan\u0131c\u0131 Sorumlulu\u011fu<\/h2>\n\n\n\n<p>Web sitemizi kullan\u0131rken yasalara, d\u00fczenlemelere ve ahlaki kurallara uymay\u0131 kabul edersiniz. Aksi takdirde, hukuki sorumlulu\u011funuz do\u011fabilir.<\/p>\n\n\n\n<h2 class=\"wp-block-heading\">Ba\u011flant\u0131lar<\/h2>\n\n\n\n<p>Web sitemizden d\u0131\u015f ba\u011flant\u0131lara y\u00f6nlendirme yapabiliriz. Bu ba\u011flant\u0131lar\u0131n i\u00e7eri\u011fi veya gizlilik politikalar\u0131 \u00fczerinde kontrol\u00fcm\u00fcz yoktur, bu nedenle bu ba\u011flant\u0131lar\u0131 kullan\u0131rken dikkatli olman\u0131z\u0131 \u00f6neririz.<\/p>\n\n\n\n<h2 class=\"wp-block-heading\">De\u011fi\u015fiklikler<\/h2>\n\n\n\n<p>Kullan\u0131m ko\u015fullar\u0131n\u0131 zaman zaman g\u00fcncelleyebiliriz. Yeniden ziyaret ederek en son g\u00fcncellemeleri kontrol etmeniz \u00f6nemlidir.<\/p>\n\n\n\n<p>Bu kullan\u0131m ko\u015fullar\u0131 web sitemizi kullan\u0131rken izlemeniz gereken temel kurallar\u0131 i\u00e7ermektedir. Herhangi bir sorunuz varsa, l\u00fctfen bize [ileti\u015fim](ileti\u015fim link) sayfam\u0131zdan ula\u015f\u0131n.<\/p>\n","protected":false},"excerpt":{"rendered":"<p>\u0130\u00e7erik Kullan\u0131m\u0131 Bu web sitesinde bulunan t\u00fcm i\u00e7erikler (metinler, g\u00f6rseller, videolar vb.) Oksijen Medya&#8217;ya [&hellip;]<\/p>\n","protected":false},"author":1,"featured_media":0,"parent":0,"menu_order":0,"comment_status":"closed","ping_status":"closed","template":"","meta":{"footnotes":""},"class_list":["post-265","page","type-page","status-publish","hentry"],"aioseo_notices":[],"_links":{"self":[{"href":"https:\/\/oksijenmedya.com.tr\/index.php\/wp-json\/wp\/v2\/pages\/265","targetHints":{"allow":["GET"]}}],"collection":[{"href":"https:\/\/oksijenmedya.com.tr\/index.php\/wp-json\/wp\/v2\/pages"}],"about":[{"href":"https:\/\/oksijenmedya.com.tr\/index.php\/wp-json\/wp\/v2\/types\/page"}],"author":[{"embeddable":true,"href":"https:\/\/oksijenmedya.com.tr\/index.php\/wp-json\/wp\/v2\/users\/1"}],"replies":[{"embeddable":true,"href":"https:\/\/oksijenmedya.com.tr\/index.php\/wp-json\/wp\/v2\/comments?post=265"}],"version-history":[{"count":2,"href":"https:\/\/oksijenmedya.com.tr\/index.php\/wp-json\/wp\/v2\/pages\/265\/revisions"}],"predecessor-version":[{"id":273,"href":"https:\/\/oksijenmedya.com.tr\/index.php\/wp-json\/wp\/v2\/pages\/265\/revisions\/273"}],"wp:attachment":[{"href":"https:\/\/oksijenmedya.com.tr\/index.php\/wp-json\/wp\/v2\/media?parent=265"}],"curies":[{"name":"wp","href":"https:\/\/api.w.org\/{rel}","templated":true}]}}