{"id":234,"date":"2024-07-12T20:34:53","date_gmt":"2024-07-12T17:34:53","guid":{"rendered":"https:\/\/oksijenmedya.com.tr\/?page_id=234"},"modified":"2024-07-13T15:01:32","modified_gmt":"2024-07-13T12:01:32","slug":"strateji-planlama-hizmetleri","status":"publish","type":"page","link":"https:\/\/oksijenmedya.com.tr\/index.php\/strateji-planlama-hizmetleri\/","title":{"rendered":"Strateji Planlama Hizmetleri"},"content":{"rendered":"\t\t<div data-elementor-type=\"wp-page\" data-elementor-id=\"234\" class=\"elementor elementor-234\" data-elementor-post-type=\"page\">\n\t\t\t\t\t\t<div class=\"elementor-section elementor-top-section elementor-element elementor-element-7e25ebc elementor-section-boxed elementor-section-height-default elementor-section-height-default elementor-invisible\" data-id=\"7e25ebc\" data-element_type=\"section\" data-e-type=\"section\" data-settings=\"{&quot;background_background&quot;:&quot;classic&quot;,&quot;animation&quot;:&quot;pulse&quot;}\">\n\t\t\t\t\t\t<div class=\"elementor-container elementor-column-gap-default\">\n\t\t\t\t\t<div class=\"elementor-column elementor-col-100 elementor-top-column elementor-element elementor-element-db369be\" data-id=\"db369be\" data-element_type=\"column\" data-e-type=\"column\">\n\t\t\t<div class=\"elementor-widget-wrap elementor-element-populated\">\n\t\t\t\t\t\t<div class=\"elementor-element elementor-element-e9e38a9  ui-split-animate elementor-widget__width-inherit ui-e-a-animate ui-splitby-chars elementor-widget elementor-widget-highlighted-text\" data-id=\"e9e38a9\" data-element_type=\"widget\" data-e-type=\"widget\" data-settings=\"{&quot;ui_animate_split&quot;:&quot;ui-split-animate&quot;,&quot;ui_animate_split_by&quot;:&quot;chars&quot;,&quot;ui_animate_split_style&quot;:&quot;fadeInUp&quot;}\" data-widget_type=\"highlighted-text.default\">\n\t\t\t\t<div class=\"elementor-widget-container\">\n\t\t\t\t\t        <h2 data-delay=\"900\" class=\"ui-e--highlighted-text\">\n            <span class=\"ui-e-headline-text elementor-repeater-item-1ffe141\">Vizyonunuzu Ger\u00e7ekle\u015ftirin<br><\/span><span class=\"ui-e-headline-text elementor-repeater-item-917ec41\">Strateji Planlama Hizmetleri<\/span>        <\/h2>\n    \t\t\t\t<\/div>\n\t\t\t\t<\/div>\n\t\t\t\t<div class=\"elementor-element elementor-element-ef15f32 elementor-widget elementor-widget-spacer\" data-id=\"ef15f32\" data-element_type=\"widget\" data-e-type=\"widget\" data-widget_type=\"spacer.default\">\n\t\t\t\t<div class=\"elementor-widget-container\">\n\t\t\t\t\t\t\t<div class=\"elementor-spacer\">\n\t\t\t<div class=\"elementor-spacer-inner\"><\/div>\n\t\t<\/div>\n\t\t\t\t\t\t<\/div>\n\t\t\t\t<\/div>\n\t\t\t\t<div class=\"elementor-element elementor-element-663f6e5 elementor-widget__width-initial elementor-widget-mobile__width-inherit elementor-invisible elementor-widget elementor-widget-text-editor\" data-id=\"663f6e5\" data-element_type=\"widget\" data-e-type=\"widget\" data-settings=\"{&quot;_animation&quot;:&quot;fadeInUp&quot;,&quot;_animation_delay&quot;:&quot;700&quot;}\" data-widget_type=\"text-editor.default\">\n\t\t\t\t<div class=\"elementor-widget-container\">\n\t\t\t\t\t\t\t\t\t<p>Oksijen Medya olarak, markan\u0131z\u0131n uzun vadeli ba\u015far\u0131lar\u0131 i\u00e7in stratejik planlama hizmetleri sunuyoruz.<\/p><p>Detayl\u0131 analizler ve sekt\u00f6r bilgisiyle desteklenen stratejilerimizle, hedeflerinize ula\u015fman\u0131z\u0131 sa\u011fl\u0131yoruz.<\/p><p>Yenilik\u00e7i yakla\u015f\u0131mlar ve g\u00fc\u00e7l\u00fc bir vizyonla markan\u0131z\u0131 rekabetin \u00f6n\u00fcne ta\u015f\u0131yor, gelece\u011fi \u015fekillendirmenize yard\u0131mc\u0131 oluyoruz.<\/p>\t\t\t\t\t\t\t\t<\/div>\n\t\t\t\t<\/div>\n\t\t\t\t\t<\/div>\n\t\t<\/div>\n\t\t\t\t\t<\/div>\n\t\t<\/div>\n\t\t\t\t<div class=\"elementor-section elementor-top-section elementor-element elementor-element-275456a elementor-section-height-full elementor-section-boxed elementor-section-height-default elementor-section-items-middle\" data-id=\"275456a\" data-element_type=\"section\" data-e-type=\"section\">\n\t\t\t\t\t\t<div class=\"elementor-container elementor-column-gap-no\">\n\t\t\t\t\t<div class=\"elementor-column elementor-col-100 elementor-top-column elementor-element elementor-element-f989a6b\" data-id=\"f989a6b\" data-element_type=\"column\" data-e-type=\"column\">\n\t\t\t<div class=\"elementor-widget-wrap elementor-element-populated\">\n\t\t\t\t\t\t<div class=\"elementor-element elementor-element-1e0b0eb bdt-content-position--left elementor-widget elementor-widget-bdt-fancy-list\" data-id=\"1e0b0eb\" data-element_type=\"widget\" data-e-type=\"widget\" data-widget_type=\"bdt-fancy-list.default\">\n\t\t\t\t<div class=\"elementor-widget-container\">\n\t\t\t\t\t\t\t<div class=\"bdt-fancy-list bdt-fancy-list-style-1\">\n\t\t\t<ul class=\"bdt-list bdt-fancy-list-group\" class=\"bdt-fancy-list-icon\">\n\t\t\t\t\t\t\t\t\t<li>\n\t\t\t\t\t\t<div class=\"bdt-fancy-list-wrap\">\t\t\t\t\t\t<div class=\"bdt-flex flex-wrap\">\n\t\t\t\t\t\t\t\t\t\t\t\t\t\t\t\t\t\t\t\t\t<div class=\"bdt-fancy-list-content\">\n\t\t\t\t\t\t\t\t<h2\t\t\t\t\t\t\t\t\tclass=\"bdt-fancy-list-title\">\n\t\t\t\t\t\t\t\t\tStrateji Planlama Hizmetleri\t\t\t\t\t\t\t\t<\/h2>\n\t\t\t\t\t\t\t\t<p class=\"bdt-fancy-list-text\">\n\t\t\t\t\t\t\t\t\t\t\t\t\t\t\t\t\t<\/p>\n\t\t\t\t\t\t\t<\/div>\n\t\t\t\t\t\t\t\t\t\t\t\t\t\t\t<div class=\"bdt-fancy-list-icon\">\n\t\t\t\t\t\t\t\t\t<i aria-hidden=\"true\" class=\"ti ti-palette\"><\/i>\t\t\t\t\t\t\t\t<\/div>\n\t\t\t\t\t\t\t\t\t\t\t\t\t<\/div>\n\t\t\t\t\t\t\t\t\t\t<\/div>\n\t\t\t\t\t\t<\/li>\n\t\t\t\t<\/ul>\n\t\t<\/div>\n\t\t\t\t\t\t<\/div>\n\t\t\t\t<\/div>\n\t\t\t\t<section class=\"elementor-section elementor-inner-section elementor-element elementor-element-eb3ccef elementor-reverse-tablet elementor-reverse-mobile elementor-section-boxed elementor-section-height-default elementor-section-height-default\" data-id=\"eb3ccef\" data-element_type=\"section\" data-e-type=\"section\">\n\t\t\t\t\t\t<div class=\"elementor-container elementor-column-gap-default\">\n\t\t\t\t\t<div class=\"elementor-column elementor-col-50 elementor-inner-column elementor-element elementor-element-d5aa186\" data-id=\"d5aa186\" data-element_type=\"column\" data-e-type=\"column\">\n\t\t\t<div class=\"elementor-widget-wrap elementor-element-populated\">\n\t\t\t\t\t\t<div class=\"elementor-element elementor-element-d817bf9 elementor-widget elementor-widget-heading\" data-id=\"d817bf9\" data-element_type=\"widget\" data-e-type=\"widget\" data-widget_type=\"heading.default\">\n\t\t\t\t<div class=\"elementor-widget-container\">\n\t\t\t\t\t<h5 class=\"elementor-heading-title elementor-size-default\">Marka Stratejisi <\/h5>\t\t\t\t<\/div>\n\t\t\t\t<\/div>\n\t\t\t\t<div class=\"elementor-element elementor-element-d5fe9c3 elementor-widget elementor-widget-text-editor\" data-id=\"d5fe9c3\" data-element_type=\"widget\" data-e-type=\"widget\" data-widget_type=\"text-editor.default\">\n\t\t\t\t<div class=\"elementor-widget-container\">\n\t\t\t\t\t\t\t\t\t<p>Oksijen Medya, markan\u0131z\u0131n g\u00fc\u00e7l\u00fc ve uyumlu bir strateji geli\u015ftirmesine yard\u0131mc\u0131 olur. Hedeflerinizi belirler, konumland\u0131rman\u0131z\u0131 netle\u015ftirir ve fark yaratman\u0131z i\u00e7in etkili ad\u0131mlar \u00f6nerir.<\/p>\t\t\t\t\t\t\t\t<\/div>\n\t\t\t\t<\/div>\n\t\t\t\t<div class=\"elementor-element elementor-element-4778ab3 elementor-widget elementor-widget-heading\" data-id=\"4778ab3\" data-element_type=\"widget\" data-e-type=\"widget\" data-widget_type=\"heading.default\">\n\t\t\t\t<div class=\"elementor-widget-container\">\n\t\t\t\t\t<h5 class=\"elementor-heading-title elementor-size-default\">Dijital D\u00f6n\u00fc\u015f\u00fcm <\/h5>\t\t\t\t<\/div>\n\t\t\t\t<\/div>\n\t\t\t\t<div class=\"elementor-element elementor-element-66f119b elementor-widget elementor-widget-text-editor\" data-id=\"66f119b\" data-element_type=\"widget\" data-e-type=\"widget\" data-widget_type=\"text-editor.default\">\n\t\t\t\t<div class=\"elementor-widget-container\">\n\t\t\t\t\t\t\t\t\t<p>\u00c7a\u011f\u0131n gerektirdi\u011fi dijital d\u00f6n\u00fc\u015f\u00fcm\u00fc etkin bir \u015fekilde y\u00f6netmeniz i\u00e7in size rehberlik eder. M\u00fc\u015fteri deneyimini iyile\u015ftiren, verimlili\u011fi art\u0131ran \u00e7\u00f6z\u00fcmler sunar.<\/p>\t\t\t\t\t\t\t\t<\/div>\n\t\t\t\t<\/div>\n\t\t\t\t<div class=\"elementor-element elementor-element-701bf18 elementor-widget elementor-widget-heading\" data-id=\"701bf18\" data-element_type=\"widget\" data-e-type=\"widget\" data-widget_type=\"heading.default\">\n\t\t\t\t<div class=\"elementor-widget-container\">\n\t\t\t\t\t<h5 class=\"elementor-heading-title elementor-size-default\">B\u00fcy\u00fcme Stratejisi<\/h5>\t\t\t\t<\/div>\n\t\t\t\t<\/div>\n\t\t\t\t<div class=\"elementor-element elementor-element-27b50e1 elementor-widget elementor-widget-text-editor\" data-id=\"27b50e1\" data-element_type=\"widget\" data-e-type=\"widget\" data-widget_type=\"text-editor.default\">\n\t\t\t\t<div class=\"elementor-widget-container\">\n\t\t\t\t\t\t\t\t\t<p>Oksijen Medya, i\u015finizi daha da ileriye ta\u015f\u0131man\u0131z i\u00e7in inovatif b\u00fcy\u00fcme stratejileri geli\u015ftirir. Yeni pazarlara a\u00e7\u0131lman\u0131z, mevcut \u00fcr\u00fcnlerinizi g\u00fc\u00e7lendirmeniz veya yeni hizmetler sunman\u0131z i\u00e7in yol g\u00f6sterir.<\/p>\t\t\t\t\t\t\t\t<\/div>\n\t\t\t\t<\/div>\n\t\t\t\t<div class=\"elementor-element elementor-element-4edbb0a elementor-widget elementor-widget-heading\" data-id=\"4edbb0a\" data-element_type=\"widget\" data-e-type=\"widget\" data-widget_type=\"heading.default\">\n\t\t\t\t<div class=\"elementor-widget-container\">\n\t\t\t\t\t<h5 class=\"elementor-heading-title elementor-size-default\">Rekabet Analizi<\/h5>\t\t\t\t<\/div>\n\t\t\t\t<\/div>\n\t\t\t\t<div class=\"elementor-element elementor-element-b026fe2 elementor-widget elementor-widget-text-editor\" data-id=\"b026fe2\" data-element_type=\"widget\" data-e-type=\"widget\" data-widget_type=\"text-editor.default\">\n\t\t\t\t<div class=\"elementor-widget-container\">\n\t\t\t\t\t\t\t\t\t<p>Sekt\u00f6r\u00fcn\u00fczdeki trendleri ve rakiplerinizi yak\u0131ndan inceler. Bu sayede sizi \u00f6ne \u00e7\u0131karacak f\u0131rsatlar\u0131 belirler ve rekabet avantaj\u0131n\u0131z\u0131 g\u00fc\u00e7lendirir.<\/p>\t\t\t\t\t\t\t\t<\/div>\n\t\t\t\t<\/div>\n\t\t\t\t\t<\/div>\n\t\t<\/div>\n\t\t\t\t<div class=\"elementor-column elementor-col-50 elementor-inner-column elementor-element elementor-element-b356a54\" data-id=\"b356a54\" data-element_type=\"column\" data-e-type=\"column\">\n\t\t\t<div class=\"elementor-widget-wrap elementor-element-populated\">\n\t\t\t\t\t\t<div class=\"elementor-element elementor-element-2b04b15 elementor-widget elementor-widget-image\" data-id=\"2b04b15\" data-element_type=\"widget\" data-e-type=\"widget\" data-widget_type=\"image.default\">\n\t\t\t\t<div class=\"elementor-widget-container\">\n\t\t\t\t\t\t\t\t\t\t\t\t\t\t\t<img fetchpriority=\"high\" decoding=\"async\" width=\"1000\" height=\"665\" src=\"https:\/\/oksijenmedya.com.tr\/wp-content\/uploads\/2024\/07\/strateji-1024x681.webp\" class=\"attachment-large size-large wp-image-237\" alt=\"\" srcset=\"https:\/\/oksijenmedya.com.tr\/wp-content\/uploads\/2024\/07\/strateji-1024x681.webp 1024w, https:\/\/oksijenmedya.com.tr\/wp-content\/uploads\/2024\/07\/strateji-300x200.webp 300w, https:\/\/oksijenmedya.com.tr\/wp-content\/uploads\/2024\/07\/strateji-768x511.webp 768w, https:\/\/oksijenmedya.com.tr\/wp-content\/uploads\/2024\/07\/strateji-1536x1022.webp 1536w, https:\/\/oksijenmedya.com.tr\/wp-content\/uploads\/2024\/07\/strateji-2048x1362.webp 2048w, https:\/\/oksijenmedya.com.tr\/wp-content\/uploads\/2024\/07\/strateji-650x432.webp 650w\" sizes=\"(max-width: 1000px) 100vw, 1000px\" \/>\t\t\t\t\t\t\t\t\t\t\t\t\t\t\t<\/div>\n\t\t\t\t<\/div>\n\t\t\t\t\t<\/div>\n\t\t<\/div>\n\t\t\t\t\t<\/div>\n\t\t<\/section>\n\t\t\t\t\t<\/div>\n\t\t<\/div>\n\t\t\t\t\t<\/div>\n\t\t<\/div>\n\t\t\t\t<\/div>\n\t\t","protected":false},"excerpt":{"rendered":"<p>Vizyonunuzu Ger\u00e7ekle\u015ftirinStrateji Planlama Hizmetleri Oksijen Medya olarak, markan\u0131z\u0131n uzun vadeli ba\u015far\u0131lar\u0131 i\u00e7in stratejik planlama [&hellip;]<\/p>\n","protected":false},"author":1,"featured_media":0,"parent":0,"menu_order":0,"comment_status":"closed","ping_status":"closed","template":"","meta":{"footnotes":""},"class_list":["post-234","page","type-page","status-publish","hentry"],"aioseo_notices":[],"_links":{"self":[{"href":"https:\/\/oksijenmedya.com.tr\/index.php\/wp-json\/wp\/v2\/pages\/234","targetHints":{"allow":["GET"]}}],"collection":[{"href":"https:\/\/oksijenmedya.com.tr\/index.php\/wp-json\/wp\/v2\/pages"}],"about":[{"href":"https:\/\/oksijenmedya.com.tr\/index.php\/wp-json\/wp\/v2\/types\/page"}],"author":[{"embeddable":true,"href":"https:\/\/oksijenmedya.com.tr\/index.php\/wp-json\/wp\/v2\/users\/1"}],"replies":[{"embeddable":true,"href":"https:\/\/oksijenmedya.com.tr\/index.php\/wp-json\/wp\/v2\/comments?post=234"}],"version-history":[{"count":16,"href":"https:\/\/oksijenmedya.com.tr\/index.php\/wp-json\/wp\/v2\/pages\/234\/revisions"}],"predecessor-version":[{"id":475,"href":"https:\/\/oksijenmedya.com.tr\/index.php\/wp-json\/wp\/v2\/pages\/234\/revisions\/475"}],"wp:attachment":[{"href":"https:\/\/oksijenmedya.com.tr\/index.php\/wp-json\/wp\/v2\/media?parent=234"}],"curies":[{"name":"wp","href":"https:\/\/api.w.org\/{rel}","templated":true}]}}